{"id":856,"date":"2023-07-13T10:44:59","date_gmt":"2023-07-13T10:44:59","guid":{"rendered":"https:\/\/coziform.pt\/?page_id=856"},"modified":"2024-03-25T15:47:49","modified_gmt":"2024-03-25T15:47:49","slug":"cozinhas-adaptadas-a-sua-necessidade","status":"publish","type":"page","link":"https:\/\/coziform.pt\/fr\/cozinhas-adaptadas-a-sua-necessidade\/","title":{"rendered":"Formul\u00e1rio Passo a Passo"},"content":{"rendered":"","protected":false},"excerpt":{"rendered":"","protected":false},"author":1,"featured_media":1019,"parent":0,"menu_order":0,"comment_status":"closed","ping_status":"closed","template":"page-form.php","meta":{"footnotes":""},"class_list":["post-856","page","type-page","status-publish","has-post-thumbnail","hentry"],"acf":[],"yoast_head":"<!-- This site is optimized with the Yoast SEO plugin v20.9 - https:\/\/yoast.com\/wordpress\/plugins\/seo\/ -->\n<title>Formul\u00e1rio Passo a Passo - Coziform<\/title>\n<meta name=\"description\" content=\"Conhe\u00e7a a nossa gama de cozinhas adaptadas \u00e0s suas necessidades. Saiba mais! Com or\u00e7amento gratuito, d\u00ea vida ao seu projeto.\" \/>\n<meta name=\"robots\" content=\"index, follow, max-snippet:-1, max-image-preview:large, max-video-preview:-1\" \/>\n<link rel=\"canonical\" href=\"https:\/\/coziform.pt\/fr\/cozinhas-adaptadas-a-sua-necessidade\/\" \/>\n<meta property=\"og:locale\" content=\"fr_FR\" \/>\n<meta property=\"og:type\" content=\"article\" \/>\n<meta property=\"og:title\" content=\"Formul\u00e1rio Passo a Passo - Coziform\" \/>\n<meta property=\"og:description\" content=\"Conhe\u00e7a a nossa gama de cozinhas adaptadas \u00e0s suas necessidades. Saiba mais! Com or\u00e7amento gratuito, d\u00ea vida ao seu projeto.\" \/>\n<meta property=\"og:url\" content=\"https:\/\/coziform.pt\/fr\/cozinhas-adaptadas-a-sua-necessidade\/\" \/>\n<meta property=\"og:site_name\" content=\"Coziform\" \/>\n<meta property=\"article:publisher\" content=\"https:\/\/www.facebook.com\/coziform.pt\/\" \/>\n<meta property=\"article:modified_time\" content=\"2024-03-25T15:47:49+00:00\" \/>\n<meta property=\"og:image\" content=\"https:\/\/coziform.pt\/wp-content\/uploads\/2023\/07\/Portfolio2-scaled.jpg\" \/>\n\t<meta property=\"og:image:width\" content=\"2560\" \/>\n\t<meta property=\"og:image:height\" content=\"1707\" \/>\n\t<meta property=\"og:image:type\" content=\"image\/jpeg\" \/>\n<meta name=\"twitter:card\" content=\"summary_large_image\" \/>\n<script type=\"application\/ld+json\" class=\"yoast-schema-graph\">{\"@context\":\"https:\/\/schema.org\",\"@graph\":[{\"@type\":\"WebPage\",\"@id\":\"https:\/\/coziform.pt\/fr\/cozinhas-adaptadas-a-sua-necessidade\/\",\"url\":\"https:\/\/coziform.pt\/fr\/cozinhas-adaptadas-a-sua-necessidade\/\",\"name\":\"Formul\u00e1rio Passo a Passo - Coziform\",\"isPartOf\":{\"@id\":\"https:\/\/coziform.pt\/fr\/#website\"},\"datePublished\":\"2023-07-13T10:44:59+00:00\",\"dateModified\":\"2024-03-25T15:47:49+00:00\",\"description\":\"Conhe\u00e7a a nossa gama de cozinhas adaptadas \u00e0s suas necessidades. Saiba mais! Com or\u00e7amento gratuito, d\u00ea vida ao seu projeto.\",\"inLanguage\":\"fr-FR\",\"potentialAction\":[{\"@type\":\"ReadAction\",\"target\":[[\"https:\/\/coziform.pt\/fr\/cozinhas-adaptadas-a-sua-necessidade\/\"]]}]},{\"@type\":\"WebSite\",\"@id\":\"https:\/\/coziform.pt\/fr\/#website\",\"url\":\"https:\/\/coziform.pt\/fr\/\",\"name\":\"Coziform\",\"description\":\"Espa\u00e7os que Marcam\",\"publisher\":{\"@id\":\"https:\/\/coziform.pt\/fr\/#organization\"},\"potentialAction\":[{\"@type\":\"SearchAction\",\"target\":{\"@type\":\"EntryPoint\",\"urlTemplate\":\"https:\/\/coziform.pt\/fr\/?s={search_term_string}\"},\"query-input\":\"required name=search_term_string\"}],\"inLanguage\":\"fr-FR\"},{\"@type\":\"Organization\",\"@id\":\"https:\/\/coziform.pt\/fr\/#organization\",\"name\":\"Coziform\",\"url\":\"https:\/\/coziform.pt\/fr\/\",\"logo\":{\"@type\":\"ImageObject\",\"inLanguage\":\"fr-FR\",\"@id\":\"https:\/\/coziform.pt\/fr\/#\/schema\/logo\/image\/\",\"url\":\"https:\/\/coziform.pt\/wp-content\/uploads\/2023\/03\/Logo.png\",\"contentUrl\":\"https:\/\/coziform.pt\/wp-content\/uploads\/2023\/03\/Logo.png\",\"width\":194,\"height\":50,\"caption\":\"Coziform\"},\"image\":{\"@id\":\"https:\/\/coziform.pt\/fr\/#\/schema\/logo\/image\/\"},\"sameAs\":[\"https:\/\/www.facebook.com\/coziform.pt\/\"]}]}<\/script>\n<!-- \/ Yoast SEO plugin. -->","yoast_head_json":{"title":"Formul\u00e1rio Passo a Passo - Coziform","description":"Conhe\u00e7a a nossa gama de cozinhas adaptadas \u00e0s suas necessidades. Saiba mais! Com or\u00e7amento gratuito, d\u00ea vida ao seu projeto.","robots":{"index":"index","follow":"follow","max-snippet":"max-snippet:-1","max-image-preview":"max-image-preview:large","max-video-preview":"max-video-preview:-1"},"canonical":"https:\/\/coziform.pt\/fr\/cozinhas-adaptadas-a-sua-necessidade\/","og_locale":"fr_FR","og_type":"article","og_title":"Formul\u00e1rio Passo a Passo - Coziform","og_description":"Conhe\u00e7a a nossa gama de cozinhas adaptadas \u00e0s suas necessidades. Saiba mais! Com or\u00e7amento gratuito, d\u00ea vida ao seu projeto.","og_url":"https:\/\/coziform.pt\/fr\/cozinhas-adaptadas-a-sua-necessidade\/","og_site_name":"Coziform","article_publisher":"https:\/\/www.facebook.com\/coziform.pt\/","article_modified_time":"2024-03-25T15:47:49+00:00","og_image":[{"width":2560,"height":1707,"url":"https:\/\/coziform.pt\/wp-content\/uploads\/2023\/07\/Portfolio2-scaled.jpg","type":"image\/jpeg"}],"twitter_card":"summary_large_image","schema":{"@context":"https:\/\/schema.org","@graph":[{"@type":"WebPage","@id":"https:\/\/coziform.pt\/fr\/cozinhas-adaptadas-a-sua-necessidade\/","url":"https:\/\/coziform.pt\/fr\/cozinhas-adaptadas-a-sua-necessidade\/","name":"Formul\u00e1rio Passo a Passo - Coziform","isPartOf":{"@id":"https:\/\/coziform.pt\/fr\/#website"},"datePublished":"2023-07-13T10:44:59+00:00","dateModified":"2024-03-25T15:47:49+00:00","description":"Conhe\u00e7a a nossa gama de cozinhas adaptadas \u00e0s suas necessidades. Saiba mais! Com or\u00e7amento gratuito, d\u00ea vida ao seu projeto.","inLanguage":"fr-FR","potentialAction":[{"@type":"ReadAction","target":[["https:\/\/coziform.pt\/fr\/cozinhas-adaptadas-a-sua-necessidade\/"]]}]},{"@type":"WebSite","@id":"https:\/\/coziform.pt\/fr\/#website","url":"https:\/\/coziform.pt\/fr\/","name":"Coziform","description":"Espa\u00e7os que Marcam","publisher":{"@id":"https:\/\/coziform.pt\/fr\/#organization"},"potentialAction":[{"@type":"SearchAction","target":{"@type":"EntryPoint","urlTemplate":"https:\/\/coziform.pt\/fr\/?s={search_term_string}"},"query-input":"required name=search_term_string"}],"inLanguage":"fr-FR"},{"@type":"Organization","@id":"https:\/\/coziform.pt\/fr\/#organization","name":"Coziform","url":"https:\/\/coziform.pt\/fr\/","logo":{"@type":"ImageObject","inLanguage":"fr-FR","@id":"https:\/\/coziform.pt\/fr\/#\/schema\/logo\/image\/","url":"https:\/\/coziform.pt\/wp-content\/uploads\/2023\/03\/Logo.png","contentUrl":"https:\/\/coziform.pt\/wp-content\/uploads\/2023\/03\/Logo.png","width":194,"height":50,"caption":"Coziform"},"image":{"@id":"https:\/\/coziform.pt\/fr\/#\/schema\/logo\/image\/"},"sameAs":["https:\/\/www.facebook.com\/coziform.pt\/"]}]}},"_links":{"self":[{"href":"https:\/\/coziform.pt\/fr\/wp-json\/wp\/v2\/pages\/856","targetHints":{"allow":["GET"]}}],"collection":[{"href":"https:\/\/coziform.pt\/fr\/wp-json\/wp\/v2\/pages"}],"about":[{"href":"https:\/\/coziform.pt\/fr\/wp-json\/wp\/v2\/types\/page"}],"author":[{"embeddable":true,"href":"https:\/\/coziform.pt\/fr\/wp-json\/wp\/v2\/users\/1"}],"replies":[{"embeddable":true,"href":"https:\/\/coziform.pt\/fr\/wp-json\/wp\/v2\/comments?post=856"}],"version-history":[{"count":7,"href":"https:\/\/coziform.pt\/fr\/wp-json\/wp\/v2\/pages\/856\/revisions"}],"predecessor-version":[{"id":1367,"href":"https:\/\/coziform.pt\/fr\/wp-json\/wp\/v2\/pages\/856\/revisions\/1367"}],"wp:featuredmedia":[{"embeddable":true,"href":"https:\/\/coziform.pt\/fr\/wp-json\/wp\/v2\/media\/1019"}],"wp:attachment":[{"href":"https:\/\/coziform.pt\/fr\/wp-json\/wp\/v2\/media?parent=856"}],"curies":[{"name":"wp","href":"https:\/\/api.w.org\/{rel}","templated":true}]}}