{"id":37,"date":"2023-02-23T16:39:14","date_gmt":"2023-02-23T16:39:14","guid":{"rendered":"https:\/\/coziform.pt\/?page_id=37"},"modified":"2024-03-20T09:42:55","modified_gmt":"2024-03-20T09:42:55","slug":"design-e-versatilidade-de-espacos","status":"publish","type":"page","link":"https:\/\/coziform.pt\/fr\/design-e-versatilidade-de-espacos\/","title":{"rendered":"\u00c0 PROPOS DE NOUS"},"content":{"rendered":"<p><\/p>\n<h1>Projets d\u2019int\u00e9rieur enti\u00e8rement personnalis\u00e9s<\/h1>\n<p>Un service qui refl\u00e8te votre personnalit\u00e9<\/p>","protected":false},"excerpt":{"rendered":"<p>Projets d\u2019int\u00e9rieur enti\u00e8rement personnalis\u00e9s Un service qui refl\u00e8te votre personnalit\u00e9<\/p>\n","protected":false},"author":1,"featured_media":381,"parent":0,"menu_order":0,"comment_status":"closed","ping_status":"closed","template":"page-about.php","meta":{"footnotes":""},"class_list":["post-37","page","type-page","status-publish","has-post-thumbnail","hentry"],"acf":[],"yoast_head":"<!-- This site is optimized with the Yoast SEO plugin v20.9 - https:\/\/yoast.com\/wordpress\/plugins\/seo\/ -->\n<title>\u00c0 PROPOS DE NOUS - Coziform<\/title>\n<meta name=\"description\" content=\"Com mais de 20 anos de experi\u00eancia, somos uma empresa portuguesa que aposta no design e versatilidade de espa\u00e7os. Fabricamos solu\u00e7\u00f5es!\" \/>\n<meta name=\"robots\" content=\"index, follow, max-snippet:-1, max-image-preview:large, max-video-preview:-1\" \/>\n<link rel=\"canonical\" href=\"https:\/\/coziform.pt\/fr\/design-e-versatilidade-de-espacos\/\" \/>\n<meta property=\"og:locale\" content=\"fr_FR\" \/>\n<meta property=\"og:type\" content=\"article\" \/>\n<meta property=\"og:title\" content=\"\u00c0 PROPOS DE NOUS - Coziform\" \/>\n<meta property=\"og:description\" content=\"Com mais de 20 anos de experi\u00eancia, somos uma empresa portuguesa que aposta no design e versatilidade de espa\u00e7os. Fabricamos solu\u00e7\u00f5es!\" \/>\n<meta property=\"og:url\" content=\"https:\/\/coziform.pt\/fr\/design-e-versatilidade-de-espacos\/\" \/>\n<meta property=\"og:site_name\" content=\"Coziform\" \/>\n<meta property=\"article:publisher\" content=\"https:\/\/www.facebook.com\/coziform.pt\/\" \/>\n<meta property=\"article:modified_time\" content=\"2024-03-20T09:42:55+00:00\" \/>\n<meta property=\"og:image\" content=\"https:\/\/coziform.pt\/wp-content\/uploads\/2023\/06\/SobreNos-1024x576.png\" \/>\n\t<meta property=\"og:image:width\" content=\"1024\" \/>\n\t<meta property=\"og:image:height\" content=\"576\" \/>\n\t<meta property=\"og:image:type\" content=\"image\/png\" \/>\n<meta name=\"twitter:card\" content=\"summary_large_image\" \/>\n<meta name=\"twitter:label1\" content=\"Dur\u00e9e de lecture estim\u00e9e\" \/>\n\t<meta name=\"twitter:data1\" content=\"1 minute\" \/>\n<script type=\"application\/ld+json\" class=\"yoast-schema-graph\">{\"@context\":\"https:\/\/schema.org\",\"@graph\":[{\"@type\":\"WebPage\",\"@id\":\"https:\/\/coziform.pt\/fr\/design-e-versatilidade-de-espacos\/\",\"url\":\"https:\/\/coziform.pt\/fr\/design-e-versatilidade-de-espacos\/\",\"name\":\"\u00c0 PROPOS DE NOUS - Coziform\",\"isPartOf\":{\"@id\":\"https:\/\/coziform.pt\/fr\/#website\"},\"datePublished\":\"2023-02-23T16:39:14+00:00\",\"dateModified\":\"2024-03-20T09:42:55+00:00\",\"description\":\"Com mais de 20 anos de experi\u00eancia, somos uma empresa portuguesa que aposta no design e versatilidade de espa\u00e7os. Fabricamos solu\u00e7\u00f5es!\",\"inLanguage\":\"fr-FR\",\"potentialAction\":[{\"@type\":\"ReadAction\",\"target\":[[\"https:\/\/coziform.pt\/fr\/design-e-versatilidade-de-espacos\/\"]]}]},{\"@type\":\"WebSite\",\"@id\":\"https:\/\/coziform.pt\/fr\/#website\",\"url\":\"https:\/\/coziform.pt\/fr\/\",\"name\":\"Coziform\",\"description\":\"Espa\u00e7os que Marcam\",\"publisher\":{\"@id\":\"https:\/\/coziform.pt\/fr\/#organization\"},\"potentialAction\":[{\"@type\":\"SearchAction\",\"target\":{\"@type\":\"EntryPoint\",\"urlTemplate\":\"https:\/\/coziform.pt\/fr\/?s={search_term_string}\"},\"query-input\":\"required name=search_term_string\"}],\"inLanguage\":\"fr-FR\"},{\"@type\":\"Organization\",\"@id\":\"https:\/\/coziform.pt\/fr\/#organization\",\"name\":\"Coziform\",\"url\":\"https:\/\/coziform.pt\/fr\/\",\"logo\":{\"@type\":\"ImageObject\",\"inLanguage\":\"fr-FR\",\"@id\":\"https:\/\/coziform.pt\/fr\/#\/schema\/logo\/image\/\",\"url\":\"https:\/\/coziform.pt\/wp-content\/uploads\/2023\/03\/Logo.png\",\"contentUrl\":\"https:\/\/coziform.pt\/wp-content\/uploads\/2023\/03\/Logo.png\",\"width\":194,\"height\":50,\"caption\":\"Coziform\"},\"image\":{\"@id\":\"https:\/\/coziform.pt\/fr\/#\/schema\/logo\/image\/\"},\"sameAs\":[\"https:\/\/www.facebook.com\/coziform.pt\/\"]}]}<\/script>\n<!-- \/ Yoast SEO plugin. -->","yoast_head_json":{"title":"\u00c0 PROPOS DE NOUS - Coziform","description":"Com mais de 20 anos de experi\u00eancia, somos uma empresa portuguesa que aposta no design e versatilidade de espa\u00e7os. Fabricamos solu\u00e7\u00f5es!","robots":{"index":"index","follow":"follow","max-snippet":"max-snippet:-1","max-image-preview":"max-image-preview:large","max-video-preview":"max-video-preview:-1"},"canonical":"https:\/\/coziform.pt\/fr\/design-e-versatilidade-de-espacos\/","og_locale":"fr_FR","og_type":"article","og_title":"\u00c0 PROPOS DE NOUS - Coziform","og_description":"Com mais de 20 anos de experi\u00eancia, somos uma empresa portuguesa que aposta no design e versatilidade de espa\u00e7os. Fabricamos solu\u00e7\u00f5es!","og_url":"https:\/\/coziform.pt\/fr\/design-e-versatilidade-de-espacos\/","og_site_name":"Coziform","article_publisher":"https:\/\/www.facebook.com\/coziform.pt\/","article_modified_time":"2024-03-20T09:42:55+00:00","og_image":[{"width":1024,"height":576,"url":"https:\/\/coziform.pt\/wp-content\/uploads\/2023\/06\/SobreNos-1024x576.png","type":"image\/png"}],"twitter_card":"summary_large_image","twitter_misc":{"Dur\u00e9e de lecture estim\u00e9e":"1 minute"},"schema":{"@context":"https:\/\/schema.org","@graph":[{"@type":"WebPage","@id":"https:\/\/coziform.pt\/fr\/design-e-versatilidade-de-espacos\/","url":"https:\/\/coziform.pt\/fr\/design-e-versatilidade-de-espacos\/","name":"\u00c0 PROPOS DE NOUS - Coziform","isPartOf":{"@id":"https:\/\/coziform.pt\/fr\/#website"},"datePublished":"2023-02-23T16:39:14+00:00","dateModified":"2024-03-20T09:42:55+00:00","description":"Com mais de 20 anos de experi\u00eancia, somos uma empresa portuguesa que aposta no design e versatilidade de espa\u00e7os. Fabricamos solu\u00e7\u00f5es!","inLanguage":"fr-FR","potentialAction":[{"@type":"ReadAction","target":[["https:\/\/coziform.pt\/fr\/design-e-versatilidade-de-espacos\/"]]}]},{"@type":"WebSite","@id":"https:\/\/coziform.pt\/fr\/#website","url":"https:\/\/coziform.pt\/fr\/","name":"Coziform","description":"Espa\u00e7os que Marcam","publisher":{"@id":"https:\/\/coziform.pt\/fr\/#organization"},"potentialAction":[{"@type":"SearchAction","target":{"@type":"EntryPoint","urlTemplate":"https:\/\/coziform.pt\/fr\/?s={search_term_string}"},"query-input":"required name=search_term_string"}],"inLanguage":"fr-FR"},{"@type":"Organization","@id":"https:\/\/coziform.pt\/fr\/#organization","name":"Coziform","url":"https:\/\/coziform.pt\/fr\/","logo":{"@type":"ImageObject","inLanguage":"fr-FR","@id":"https:\/\/coziform.pt\/fr\/#\/schema\/logo\/image\/","url":"https:\/\/coziform.pt\/wp-content\/uploads\/2023\/03\/Logo.png","contentUrl":"https:\/\/coziform.pt\/wp-content\/uploads\/2023\/03\/Logo.png","width":194,"height":50,"caption":"Coziform"},"image":{"@id":"https:\/\/coziform.pt\/fr\/#\/schema\/logo\/image\/"},"sameAs":["https:\/\/www.facebook.com\/coziform.pt\/"]}]}},"_links":{"self":[{"href":"https:\/\/coziform.pt\/fr\/wp-json\/wp\/v2\/pages\/37","targetHints":{"allow":["GET"]}}],"collection":[{"href":"https:\/\/coziform.pt\/fr\/wp-json\/wp\/v2\/pages"}],"about":[{"href":"https:\/\/coziform.pt\/fr\/wp-json\/wp\/v2\/types\/page"}],"author":[{"embeddable":true,"href":"https:\/\/coziform.pt\/fr\/wp-json\/wp\/v2\/users\/1"}],"replies":[{"embeddable":true,"href":"https:\/\/coziform.pt\/fr\/wp-json\/wp\/v2\/comments?post=37"}],"version-history":[{"count":77,"href":"https:\/\/coziform.pt\/fr\/wp-json\/wp\/v2\/pages\/37\/revisions"}],"predecessor-version":[{"id":1305,"href":"https:\/\/coziform.pt\/fr\/wp-json\/wp\/v2\/pages\/37\/revisions\/1305"}],"wp:featuredmedia":[{"embeddable":true,"href":"https:\/\/coziform.pt\/fr\/wp-json\/wp\/v2\/media\/381"}],"wp:attachment":[{"href":"https:\/\/coziform.pt\/fr\/wp-json\/wp\/v2\/media?parent=37"}],"curies":[{"name":"wp","href":"https:\/\/api.w.org\/{rel}","templated":true}]}}