{"id":3,"date":"2023-02-22T14:04:42","date_gmt":"2023-02-22T14:04:42","guid":{"rendered":"https:\/\/coziform.pt\/?page_id=3"},"modified":"2023-07-25T14:18:01","modified_gmt":"2023-07-25T14:18:01","slug":"politica-privacidade","status":"publish","type":"page","link":"https:\/\/coziform.pt\/fr\/politica-privacidade\/","title":{"rendered":"Politique de Confidentialit\u00e9 et Cookies"},"content":{"rendered":"<p>Cette politique de confidentialit\u00e9 d\u00e9crit qui nous sommes, dans quel but nous utilisons vos donn\u00e9es, comment nous les traitons, avec qui nous les partageons, combien de temps nous les conservons, ainsi que les moyens de nous contacter et d&rsquo;exercer vos droits.<\/p>\n<h2><\/h2>\n<h2>Comment nous contacter?<\/h2>\n<p>Vous pouvez contacter Coziform par t\u00e9l\u00e9phone au (+351) 232 426 844 et (+351) 914 984 856, ainsi que par courrier \u00e9lectronique \u00e0 l&rsquo;adresse geral@coziform.pt. Coziform est responsable du traitement des donn\u00e9es personnelles que nous recueillons et traitons, conform\u00e9ment aux exigences du R\u00e8glement g\u00e9n\u00e9ral sur la protection des donn\u00e9es.<\/p>\n<h2><\/h2>\n<h2>Pourquoi nous traitons vos donn\u00e9es personnelles?<\/h2>\n<ul>\n<li>Les donn\u00e9es personnelles que nous traitons sont toujours collect\u00e9es dans un but sp\u00e9cifique et pour un traitement sp\u00e9cifique, apr\u00e8s quoi elles sont transform\u00e9es en donn\u00e9es anonymes.\n<ol>\n<li><strong>1.<\/strong>Le respect des obligations l\u00e9gales qui s&rsquo;appliquent \u00e0 nos clients, fournisseurs et employ\u00e9s;<\/li>\n<li><strong>2.<\/strong>L&rsquo;ex\u00e9cution de contrats ou de diligences pr\u00e9contractuelles dans le cadre de notre activit\u00e9;<\/li>\n<li><strong>3.<\/strong>L&rsquo;ex\u00e9cution des services que nous fournissons, pour lesquels nous obtenons le consentement du titulaire des donn\u00e9es pour traiter ses donn\u00e9es personnelles \u00e0 des fins sp\u00e9cifiques, explicites et l\u00e9gitimes, clairement indiqu\u00e9es au moment du contact;<\/li>\n<li><strong>4.<\/strong>Nous pouvons \u00e9galement traiter des informations si nous avons un int\u00e9r\u00eat l\u00e9gitime \u00e0 le faire, \u00e0 condition que notre int\u00e9r\u00eat soit en conformit\u00e9 avec les droits du titulaire des donn\u00e9es, comme dans notre communication avec les clients et les prospects, les fournisseurs et les prospects fournisseurs, ainsi que dans le recrutement de nouveaux employ\u00e9s ou prestataires de services.<\/li>\n<\/ol>\n<\/li>\n<\/ul>\n<h2><\/h2>\n<h2>Lic\u00e9it\u00e9 du traitement de vos donn\u00e9es personnelles<\/h2>\n<ul>\n<li>L&rsquo;activit\u00e9 commerciale de Coziform n\u00e9cessite des contacts pour la collecte de donn\u00e9es en vue de la prestation de services d&rsquo;analyse et de gestion de l&rsquo;information. Ces contacts sont toujours destin\u00e9s \u00e0 des personnes, ce qui implique que nous effectuons des op\u00e9rations de traitement de donn\u00e9es personnelles chaque fois que nous fournissons des services. Nous garantissons toujours la lic\u00e9it\u00e9 des op\u00e9rations de traitement que nous effectuons, ce qui peut \u00eatre assur\u00e9 de diff\u00e9rentes mani\u00e8res, selon les cas:\n<ol>\n<li><strong><strong>1. <\/strong><\/strong>En tant que sous-traitant d&rsquo;un de nos clients, celui-ci \u00e9tant responsable du traitement, il nous transmet vos donn\u00e9es personnelles afin que nous puissions vous contacter.<\/li>\n<\/ol>\n<\/li>\n<\/ul>\n<h2><\/h2>\n<h2>Ce que nous faisons de vos donn\u00e9es \u00e0 la fin du traitement<\/h2>\n<p>Les donn\u00e9es personnelles que nous utilisons servent exclusivement \u00e0 g\u00e9n\u00e9rer des statistiques. Une fois l&rsquo;op\u00e9ration de traitement qui a soutenu le but pour lequel vos donn\u00e9es ont \u00e9t\u00e9 collect\u00e9es termin\u00e9e, nous anonymisons les enregistrements ou les d\u00e9truisons compl\u00e8tement.<\/p>\n<h2><\/h2>\n<h2>P\u00e9riode de conservation<\/h2>\n<p>Nous ne conservons les donn\u00e9es personnelles que pendant la p\u00e9riode n\u00e9cessaire au respect des finalit\u00e9s pour lesquelles elles ont \u00e9t\u00e9 collect\u00e9es, ce qui est g\u00e9n\u00e9ralement limit\u00e9. Dans les cas o\u00f9 nous devons conserver les donn\u00e9es pendant une p\u00e9riode plus longue, ces donn\u00e9es seront rendues anonymes.<\/p>\n<h2><\/h2>\n<h2>S\u00e9curit\u00e9<\/h2>\n<p>La s\u00e9curit\u00e9 de l&rsquo;information et la protection des donn\u00e9es personnelles sont une priorit\u00e9 pour Coziform. Nous assurons les mesures de protection appropri\u00e9es pour que nos proc\u00e9dures internes de s\u00e9curit\u00e9 des donn\u00e9es personnelles soient conformes \u00e0 la r\u00e9glementation en vigueur. Lorsque nous faisons appel \u00e0 des tiers, nous veillons \u00e0 ce qu&rsquo;ils soient li\u00e9s \u00e0 Coziform par contrat et qu&rsquo;ils garantissent une protection ad\u00e9quate des donn\u00e9es personnelles auxquelles ils ont acc\u00e8s. Nous limitons l&rsquo;acc\u00e8s aux donn\u00e9es personnelles aux employ\u00e9s directement impliqu\u00e9s dans les op\u00e9rations de traitement, dans le strict cadre de leurs fonctions. Nous prenons les mesures n\u00e9cessaires pour assurer le traitement s\u00e9curis\u00e9 des donn\u00e9es personnelles et les prot\u00e9ger contre la perte et l&rsquo;acc\u00e8s non autoris\u00e9. Toutes les donn\u00e9es personnelles que nous traitons sont stock\u00e9es dans des syst\u00e8mes d&rsquo;information s\u00e9curis\u00e9s, conform\u00e9ment \u00e0 une politique de s\u00e9curit\u00e9, et font l&rsquo;objet d&rsquo;audits et de tests r\u00e9guliers.<\/p>\n<h2><\/h2>\n<h2>Confidentialit\u00e9<\/h2>\n<p>Nous respectons la confidentialit\u00e9 des donn\u00e9es personnelles que nous traitons et nous nous engageons \u00e0 ne pas les divulguer, distribuer ou rendre accessibles \u00e0 des tiers, sauf dans le cadre sp\u00e9cifique d&rsquo;un service de sous-traitance n\u00e9cessaire pour soutenir les services que nous fournissons.<\/p>\n<h2><\/h2>\n<h2>Exercice des droits des titulaires<\/h2>\n<p>En tant que titulaire des donn\u00e9es que vous nous avez fournies, vous pouvez exercer vos droits \u00e0 tout moment:<\/p>\n<h5>Acc\u00e8s<\/h5>\n<p>Vous pouvez demander l&rsquo;acc\u00e8s aux informations que nous d\u00e9tenons vous concernant;<\/p>\n<h5>Rectification<\/h5>\n<p>Vous pouvez demander la rectification des informations si elles sont inexactes ou incompl\u00e8tes;<\/p>\n<h5>Suppression<\/h5>\n<p>Vous pouvez demander la suppression de vos donn\u00e9es personnelles lorsque vous constatez que vos donn\u00e9es personnelles ne sont plus n\u00e9cessaires \u00e0 la finalit\u00e9 qui a motiv\u00e9 leur collecte ou leur traitement, qu&rsquo;il n&rsquo;y a pas d&rsquo;int\u00e9r\u00eats l\u00e9gitimes pr\u00e9valents ou si vous retirez votre consentement au traitement des donn\u00e9es et s&rsquo;il n&rsquo;existe aucun autre motif l\u00e9gitime pour le traitement concern\u00e9;<\/p>\n<h5>R\u00e9vocation du consentement<\/h5>\n<p>Vous avez le droit de r\u00e9voquer votre consentement \u00e0 tout moment.<\/p>\n<h2><\/h2>\n<h2>Droits de limitation et d&rsquo;opposition au traitement<\/h2>\n<p>Il est seulement pertinent de demander la limitation du traitement de vos donn\u00e9es personnelles pendant la p\u00e9riode entre la contestation de l&rsquo;exactitude de vos donn\u00e9es personnelles et la correction par Coziform, ou si vous constatez que nous traitons vos donn\u00e9es de mani\u00e8re ill\u00e9gale et pr\u00e9f\u00e9rez limiter leur utilisation plut\u00f4t que de les supprimer. Cependant, dans le cadre des op\u00e9rations de traitement et de la finalit\u00e9 pour laquelle Coziform traite les donn\u00e9es, qui est des op\u00e9rations statistiques, cette situation ne se pose pas, et il est l\u00e9gitime pour Coziform d&rsquo;opter pour la suppression des donn\u00e9es collect\u00e9es.<\/p>\n<p>Il est seulement pertinent de s&rsquo;opposer au traitement jusqu&rsquo;\u00e0 ce qu&rsquo;il soit d\u00e9termin\u00e9 que les motifs l\u00e9gitimes du responsable du traitement pr\u00e9valent sur ceux du titulaire des donn\u00e9es, ou si le traitement des donn\u00e9es est effectu\u00e9 \u00e0 des fins de marketing direct ou de profilage. Cependant, dans le cadre des op\u00e9rations de traitement et de la finalit\u00e9 pour laquelle Coziform traite les donn\u00e9es, qui est des op\u00e9rations statistiques, cette situation ne se pose pas, et il est l\u00e9gitime pour Coziform d&rsquo;opter pour la suppression des donn\u00e9es collect\u00e9es.<\/p>\n<p>Les donn\u00e9es personnelles que nous collectons sont au maximum le nom et un moyen de contact, principalement le num\u00e9ro de t\u00e9l\u00e9phone, donc le droit \u00e0 la portabilit\u00e9 des donn\u00e9es n&rsquo;est pas n\u00e9cessaire.<\/p>\n<h2><\/h2>\n<h2>Traitement des demandes d&rsquo;exercice des droits des titulaires des donn\u00e9es<\/h2>\n<p>Les demandes peuvent \u00eatre adress\u00e9es par tout moyen de contact avec Coziform, en tant que responsable du traitement, et seront trait\u00e9es afin d&rsquo;assurer l&rsquo;efficacit\u00e9 de vos droits. Il se peut qu&rsquo;il vous soit demand\u00e9 de prouver votre identit\u00e9 afin de garantir que les donn\u00e9es personnelles ne sont partag\u00e9es qu&rsquo;avec leur propri\u00e9taire l\u00e9gitime. Vous serez inform\u00e9 des mesures prises pour r\u00e9pondre \u00e0 votre demande d&rsquo;exercice de droits. Vous avez \u00e9galement le droit de d\u00e9poser une plainte aupr\u00e8s de la Commission nationale de l&rsquo;informatique et des libert\u00e9s. Traitement des donn\u00e9es personnelles de mani\u00e8re \u00e0 ce qu&rsquo;elles ne puissent plus \u00eatre attribu\u00e9es \u00e0 une personne sp\u00e9cifique sans recourir \u00e0 des informations suppl\u00e9mentaires, \u00e0 condition que ces informations suppl\u00e9mentaires soient conserv\u00e9es s\u00e9par\u00e9ment et soumises \u00e0 des mesures techniques et organisationnelles pour garantir que les donn\u00e9es personnelles ne puissent \u00eatre attribu\u00e9es \u00e0 une personne physique identifi\u00e9e ou identifiable.<\/p>\n<p>&nbsp;<\/p>\n<h2>Informations G\u00e9n\u00e9rales<\/h2>\n<p>Ce site utilise des cookies. Les \u00ab\u00a0cookies\u00a0\u00bb sont des fichiers texte stock\u00e9s sur votre ordinateur ou appareil mobile via un serveur web. Seul ce serveur peut r\u00e9cup\u00e9rer ou lire le contenu du cookie, permettant ainsi au site de se souvenir des pr\u00e9f\u00e9rences du navigateur Internet et de faciliter la navigation. Les cookies permettent une interaction rapide et efficace entre l&rsquo;utilisateur et le site. Ainsi, le site enregistre des informations sur votre visite, qui peuvent vous aider lors de votre prochaine visite et rendre le site plus utile.<\/p>\n<h2><\/h2>\n<h2>Comment fonctionnent les cookies?<\/h2>\n<p>Les cookies ne peuvent stocker que du texte, qui est g\u00e9n\u00e9ralement toujours anonyme et crypt\u00e9. Les cookies ne stockent pas d&rsquo;informations personnelles et ne peuvent pas \u00eatre associ\u00e9s \u00e0 une personne identifi\u00e9e ou identifiable. Les donn\u00e9es permettent au site de conserver vos informations entre les pages et d&rsquo;analyser la mani\u00e8re dont les gens interagissent avec lui. Les cookies sont s\u00e9curis\u00e9s car ils peuvent uniquement stocker les informations fournies par le navigateur, c&rsquo;est-\u00e0-dire les informations que l&rsquo;utilisateur entre dans le navigateur Internet ou celles qu&rsquo;il contient lorsqu&rsquo;il visite la page. Il n&rsquo;est pas possible d&rsquo;ex\u00e9cuter de code ou d&rsquo;utiliser des cookies pour acc\u00e9der \u00e0 votre ordinateur. Si une page Web crypte les informations contenues dans un cookie, seul ce site peut lire ces informations.<\/p>\n<h2><\/h2>\n<h2>Quels types de cookies utilisons-nous?<\/h2>\n<ol>\n<li><strong>1.<\/strong> Types de cookies en fonction de l&rsquo;entit\u00e9 qui les g\u00e8re:\n<ol>\n<li>Selon l&rsquo;entit\u00e9 qui exploite l&rsquo;ordinateur ou le domaine \u00e0 partir duquel les cookies sont envoy\u00e9s et la mani\u00e8re dont les donn\u00e9es obtenues sont trait\u00e9es, nous pouvons distinguer:<\/li>\n<li><strong>\u2022<\/strong> Cookies de domaine: ils sont envoy\u00e9s \u00e0 l&rsquo;ordinateur de l&rsquo;utilisateur final \u00e0 partir d&rsquo;un ordinateur ou d&rsquo;un domaine g\u00e9r\u00e9 par l&rsquo;\u00e9diteur et \u00e0 partir duquel le service demand\u00e9 par l&rsquo;utilisateur est fourni.<\/li>\n<li><strong>\u2022<\/strong>\u00a0 Cookies tiers: ils sont envoy\u00e9s \u00e0 l&rsquo;ordinateur de l&rsquo;utilisateur final \u00e0 partir d&rsquo;une machine ou d&rsquo;un domaine qui n&rsquo;est pas g\u00e9r\u00e9 par l&rsquo;\u00e9diteur, mais par une autre entit\u00e9 qui traite les donn\u00e9es obtenues via les cookies. Si les cookies sont install\u00e9s \u00e0 partir d&rsquo;un ordinateur ou d&rsquo;un domaine g\u00e9r\u00e9 par l&rsquo;\u00e9diteur lui-m\u00eame, mais que les informations collect\u00e9es sont g\u00e9r\u00e9es par des tiers, ils ne peuvent pas \u00eatre consid\u00e9r\u00e9s comme des \u00ab\u00a0cookies de domaine\u00a0\u00bb.<\/li>\n<\/ol>\n<\/li>\n<li><strong>2.<\/strong> Types de cookies en fonction de la dur\u00e9e d&rsquo;activit\u00e9:\n<ol>\n<li>En fonction de la dur\u00e9e pendant laquelle les cookies restent actifs sur les terminaux, nous pouvons distinguer:<\/li>\n<li><strong><strong>\u2022 <\/strong><\/strong>Cookies de session : ils sont destin\u00e9s \u00e0 collecter et stocker des donn\u00e9es pendant que l&rsquo;utilisateur acc\u00e8de \u00e0 une page Web. Ils sont g\u00e9n\u00e9ralement utilis\u00e9s pour stocker des informations relatives \u00e0 un service demand\u00e9 par l&rsquo;utilisateur \u00e0 une seule occasion (par exemple, une liste de produits achet\u00e9s).<\/li>\n<li><strong>\u2022 <\/strong>Cookies persistants : ils repr\u00e9sentent des donn\u00e9es stock\u00e9es sur le terminal pouvant \u00eatre consult\u00e9es et trait\u00e9es pendant une p\u00e9riode d\u00e9finie par le responsable des cookies, pouvant varier de quelques minutes \u00e0 plusieurs ann\u00e9es.<\/li>\n<\/ol>\n<\/li>\n<li><strong>3.<\/strong> Types de cookies en fonction de leur finalit\u00e9:\n<ol>\n<li>En fonction de la finalit\u00e9 de la collecte des donn\u00e9es via les cookies, nous pouvons distinguer:<\/li>\n<li><strong><strong>\u2022 <\/strong><\/strong>Cookies techniques : ils permettent \u00e0 l&rsquo;utilisateur de naviguer sur un site Web ou une application en utilisant les diff\u00e9rentes options ou services disponibles, tels que le contr\u00f4le du trafic et la communication de donn\u00e9es, l&rsquo;identification de session, l&rsquo;acc\u00e8s aux parties restreintes, la m\u00e9morisation des \u00e9l\u00e9ments d&rsquo;une commande, l&rsquo;ex\u00e9cution du processus de paiement d&rsquo;une commande, la demande d&rsquo;inscription ou de participation \u00e0 un \u00e9v\u00e9nement, l&rsquo;utilisation de fonctionnalit\u00e9s de s\u00e9curit\u00e9 lors de la navigation dans le contenu d&rsquo;un magasin ou le partage de contenu audio et vid\u00e9o via des r\u00e9seaux sociaux.<\/li>\n<li><strong>\u2022 <\/strong>Cookies de personnalisation : ils permettent \u00e0 l&rsquo;utilisateur d&rsquo;acc\u00e9der au service avec certaines fonctionnalit\u00e9s g\u00e9n\u00e9rales, en fonction d&rsquo;un ensemble de crit\u00e8res pr\u00e9d\u00e9finis sur le terminal de l&rsquo;utilisateur, tels que la langue, le type de navigateur utilis\u00e9 pour acc\u00e9der au service, l&#8217;emplacement \u00e0 partir duquel il acc\u00e8de au service, etc.<\/li>\n<li><strong>\u2022 <\/strong>Cookies analytiques : ils permettent au responsable des cookies de suivre et d&rsquo;analyser le comportement des utilisateurs des sites Web. Les informations collect\u00e9es par le biais de ces cookies sont utilis\u00e9es pour mesurer l&rsquo;activit\u00e9 des sites Web, des applications ou des plateformes et pour \u00e9tablir des profils de navigation des utilisateurs, afin d&rsquo;apporter des am\u00e9liorations bas\u00e9es sur l&rsquo;analyse des donn\u00e9es d&rsquo;utilisation du service par les utilisateurs.<\/li>\n<\/ol>\n<\/li>\n<\/ol>\n<h2><\/h2>\n<h2>Outils de gestion des cookies<\/h2>\n<p>Ce site utilise Google Analytics.<\/p>\n<p>Google Analytics est un outil gratuit permettant d&rsquo;obtenir des donn\u00e9es statistiques sur Internet, cr\u00e9\u00e9 par Google. Sa fonction principale est de permettre aux propri\u00e9taires de sites Web de comprendre comment les utilisateurs interagissent avec leur site. Il active \u00e9galement des cookies sur le domaine du site Web o\u00f9 il est install\u00e9 et utilise un ensemble de cookies appel\u00e9s \u00ab\u00a0__utma\u00a0\u00bb et \u00ab\u00a0__utmz\u00a0\u00bb pour collecter des informations de mani\u00e8re anonyme et pr\u00e9senter les tendances des sites Web sans identifier les utilisateurs individuels.<\/p>\n<p>Pour cr\u00e9er des statistiques sur l&rsquo;utilisation de ce site Web, des cookies sont utilis\u00e9s pour d\u00e9terminer le nombre de visiteurs r\u00e9guliers et les contenus les plus populaires. Cela nous permet de concentrer nos efforts sur l&rsquo;am\u00e9lioration des zones les plus visit\u00e9es et de faciliter la recherche pour les utilisateurs. Ce site Web consulte des donn\u00e9es sur le comportement et peut utiliser des calculs statistiques bas\u00e9s sur des donn\u00e9es anonymes pour assurer la continuit\u00e9 du service ou apporter des am\u00e9liorations \u00e0 nos sites Web. Pour plus d&rsquo;informations, veuillez consulter le lien ci-dessous concernant notre politique de confidentialit\u00e9.<\/p>\n<p><a href=\"https:\/\/policies.google.com\/privacy?hl=pt\">https:\/\/policies.google.com\/privacy?hl=pt<\/a><\/p>\n<h2><\/h2>\n<h2>Voici comment g\u00e9rer les cookies sur votre ordinateur : d\u00e9sactivation et suppression des cookies<\/h2>\n<p>Tous les navigateurs internet permettent de limiter le comportement des cookies ou de les d\u00e9sactiver dans les param\u00e8tres ou options du navigateur. Les \u00e9tapes de ce processus diff\u00e8rent d&rsquo;un navigateur \u00e0 l&rsquo;autre. Vous pouvez trouver des instructions suppl\u00e9mentaires dans le menu d&rsquo;aide de votre navigateur.<\/p>\n<p>Si vous refusez l&rsquo;utilisation de cookies, ce qui est possible via les menus de pr\u00e9f\u00e9rences ou de param\u00e8tres de votre navigateur, ce site Web continuera \u00e0 fonctionner correctement sans les utiliser.<\/p>\n<p>Vous pouvez autoriser, bloquer ou supprimer les cookies install\u00e9s sur votre ordinateur en configurant les options du navigateur install\u00e9 sur celui-ci.<\/p>\n<p>\u00c0 travers votre navigateur, vous pouvez \u00e9galement visualiser les cookies pr\u00e9sents sur votre ordinateur et les supprimer selon vos pr\u00e9f\u00e9rences. Les cookies sont des fichiers texte qui peuvent \u00eatre ouverts et dont les contenus peuvent \u00eatre lus. Les donn\u00e9es qui y sont contenues sont g\u00e9n\u00e9ralement chiffr\u00e9es \u00e0 l&rsquo;aide d&rsquo;une cl\u00e9 num\u00e9rique li\u00e9e \u00e0 une session Internet. Par cons\u00e9quent, elles n&rsquo;ont souvent pas de signification en dehors du site web qui les a cr\u00e9\u00e9es.<\/p>\n<h2><\/h2>\n<h2>Les cookies dans les e-mails ?<\/h2>\n<p>Nos e-mails contiennent des cookies qui v\u00e9rifient si nos e-mails sont ouverts et si les liens qu&rsquo;ils contiennent sont cliqu\u00e9s. Les cookies que nous utilisons dans nos e-mails pour surveiller ces comportements sont uniques pour chaque e-mail et ne sont pas stock\u00e9s sur l&rsquo;ordinateur ou le p\u00e9riph\u00e9rique mobile de l&rsquo;utilisateur.<\/p>\n<h2><\/h2>\n<h2>Consentement \u00e9clair\u00e9<\/h2>\n<p>L&rsquo;utilisation de ce site web implique que l&rsquo;utilisateur a donn\u00e9 son consentement explicite et sans \u00e9quivoque \u00e0 l&rsquo;utilisation de cookies, conform\u00e9ment aux termes et conditions \u00e9nonc\u00e9s dans cette politique de cookies, sous r\u00e9serve des mesures de d\u00e9sactivation et de suppression des cookies qui peuvent \u00eatre prises, comme indiqu\u00e9 dans les sections pr\u00e9c\u00e9dentes.<\/p>","protected":false},"excerpt":{"rendered":"<p>Cette politique de confidentialit\u00e9 d\u00e9crit qui nous sommes, dans quel but nous utilisons vos donn\u00e9es, comment nous les traitons, avec qui nous les partageons, combien de temps nous les conservons, ainsi que les moyens de nous contacter et d&rsquo;exercer vos droits. Comment nous contacter? Vous pouvez contacter Coziform par t\u00e9l\u00e9phone au (+351) 232 426 844 [&hellip;]<\/p>\n","protected":false},"author":1,"featured_media":0,"parent":0,"menu_order":0,"comment_status":"closed","ping_status":"closed","template":"","meta":{"footnotes":""},"class_list":["post-3","page","type-page","status-publish","hentry"],"acf":[],"yoast_head":"<!-- This site is optimized with the Yoast SEO plugin v20.9 - https:\/\/yoast.com\/wordpress\/plugins\/seo\/ -->\n<title>Politique de Confidentialit\u00e9 et Cookies - Coziform<\/title>\n<meta name=\"robots\" content=\"index, follow, max-snippet:-1, max-image-preview:large, max-video-preview:-1\" \/>\n<link rel=\"canonical\" href=\"https:\/\/coziform.pt\/fr\/politica-privacidade\/\" \/>\n<meta property=\"og:locale\" content=\"fr_FR\" \/>\n<meta property=\"og:type\" content=\"article\" \/>\n<meta property=\"og:title\" content=\"Politique de Confidentialit\u00e9 et Cookies - Coziform\" \/>\n<meta property=\"og:description\" content=\"Cette politique de confidentialit\u00e9 d\u00e9crit qui nous sommes, dans quel but nous utilisons vos donn\u00e9es, comment nous les traitons, avec qui nous les partageons, combien de temps nous les conservons, ainsi que les moyens de nous contacter et d&rsquo;exercer vos droits. Comment nous contacter? Vous pouvez contacter Coziform par t\u00e9l\u00e9phone au (+351) 232 426 844 [&hellip;]\" \/>\n<meta property=\"og:url\" content=\"https:\/\/coziform.pt\/fr\/politica-privacidade\/\" \/>\n<meta property=\"og:site_name\" content=\"Coziform\" \/>\n<meta property=\"article:publisher\" content=\"https:\/\/www.facebook.com\/coziform.pt\/\" \/>\n<meta property=\"article:modified_time\" content=\"2023-07-25T14:18:01+00:00\" \/>\n<meta name=\"twitter:card\" content=\"summary_large_image\" \/>\n<meta name=\"twitter:label1\" content=\"Dur\u00e9e de lecture estim\u00e9e\" \/>\n\t<meta name=\"twitter:data1\" content=\"13 minutes\" \/>\n<script type=\"application\/ld+json\" class=\"yoast-schema-graph\">{\"@context\":\"https:\/\/schema.org\",\"@graph\":[{\"@type\":\"WebPage\",\"@id\":\"https:\/\/coziform.pt\/fr\/politica-privacidade\/\",\"url\":\"https:\/\/coziform.pt\/fr\/politica-privacidade\/\",\"name\":\"Politique de Confidentialit\u00e9 et Cookies - Coziform\",\"isPartOf\":{\"@id\":\"https:\/\/coziform.pt\/fr\/#website\"},\"datePublished\":\"2023-02-22T14:04:42+00:00\",\"dateModified\":\"2023-07-25T14:18:01+00:00\",\"inLanguage\":\"fr-FR\",\"potentialAction\":[{\"@type\":\"ReadAction\",\"target\":[[\"https:\/\/coziform.pt\/fr\/politica-privacidade\/\"]]}]},{\"@type\":\"WebSite\",\"@id\":\"https:\/\/coziform.pt\/fr\/#website\",\"url\":\"https:\/\/coziform.pt\/fr\/\",\"name\":\"Coziform\",\"description\":\"Espa\u00e7os que Marcam\",\"publisher\":{\"@id\":\"https:\/\/coziform.pt\/fr\/#organization\"},\"potentialAction\":[{\"@type\":\"SearchAction\",\"target\":{\"@type\":\"EntryPoint\",\"urlTemplate\":\"https:\/\/coziform.pt\/fr\/?s={search_term_string}\"},\"query-input\":\"required name=search_term_string\"}],\"inLanguage\":\"fr-FR\"},{\"@type\":\"Organization\",\"@id\":\"https:\/\/coziform.pt\/fr\/#organization\",\"name\":\"Coziform\",\"url\":\"https:\/\/coziform.pt\/fr\/\",\"logo\":{\"@type\":\"ImageObject\",\"inLanguage\":\"fr-FR\",\"@id\":\"https:\/\/coziform.pt\/fr\/#\/schema\/logo\/image\/\",\"url\":\"https:\/\/coziform.pt\/wp-content\/uploads\/2023\/03\/Logo.png\",\"contentUrl\":\"https:\/\/coziform.pt\/wp-content\/uploads\/2023\/03\/Logo.png\",\"width\":194,\"height\":50,\"caption\":\"Coziform\"},\"image\":{\"@id\":\"https:\/\/coziform.pt\/fr\/#\/schema\/logo\/image\/\"},\"sameAs\":[\"https:\/\/www.facebook.com\/coziform.pt\/\"]}]}<\/script>\n<!-- \/ Yoast SEO plugin. -->","yoast_head_json":{"title":"Politique de Confidentialit\u00e9 et Cookies - Coziform","robots":{"index":"index","follow":"follow","max-snippet":"max-snippet:-1","max-image-preview":"max-image-preview:large","max-video-preview":"max-video-preview:-1"},"canonical":"https:\/\/coziform.pt\/fr\/politica-privacidade\/","og_locale":"fr_FR","og_type":"article","og_title":"Politique de Confidentialit\u00e9 et Cookies - Coziform","og_description":"Cette politique de confidentialit\u00e9 d\u00e9crit qui nous sommes, dans quel but nous utilisons vos donn\u00e9es, comment nous les traitons, avec qui nous les partageons, combien de temps nous les conservons, ainsi que les moyens de nous contacter et d&rsquo;exercer vos droits. Comment nous contacter? Vous pouvez contacter Coziform par t\u00e9l\u00e9phone au (+351) 232 426 844 [&hellip;]","og_url":"https:\/\/coziform.pt\/fr\/politica-privacidade\/","og_site_name":"Coziform","article_publisher":"https:\/\/www.facebook.com\/coziform.pt\/","article_modified_time":"2023-07-25T14:18:01+00:00","twitter_card":"summary_large_image","twitter_misc":{"Dur\u00e9e de lecture estim\u00e9e":"13 minutes"},"schema":{"@context":"https:\/\/schema.org","@graph":[{"@type":"WebPage","@id":"https:\/\/coziform.pt\/fr\/politica-privacidade\/","url":"https:\/\/coziform.pt\/fr\/politica-privacidade\/","name":"Politique de Confidentialit\u00e9 et Cookies - Coziform","isPartOf":{"@id":"https:\/\/coziform.pt\/fr\/#website"},"datePublished":"2023-02-22T14:04:42+00:00","dateModified":"2023-07-25T14:18:01+00:00","inLanguage":"fr-FR","potentialAction":[{"@type":"ReadAction","target":[["https:\/\/coziform.pt\/fr\/politica-privacidade\/"]]}]},{"@type":"WebSite","@id":"https:\/\/coziform.pt\/fr\/#website","url":"https:\/\/coziform.pt\/fr\/","name":"Coziform","description":"Espa\u00e7os que Marcam","publisher":{"@id":"https:\/\/coziform.pt\/fr\/#organization"},"potentialAction":[{"@type":"SearchAction","target":{"@type":"EntryPoint","urlTemplate":"https:\/\/coziform.pt\/fr\/?s={search_term_string}"},"query-input":"required name=search_term_string"}],"inLanguage":"fr-FR"},{"@type":"Organization","@id":"https:\/\/coziform.pt\/fr\/#organization","name":"Coziform","url":"https:\/\/coziform.pt\/fr\/","logo":{"@type":"ImageObject","inLanguage":"fr-FR","@id":"https:\/\/coziform.pt\/fr\/#\/schema\/logo\/image\/","url":"https:\/\/coziform.pt\/wp-content\/uploads\/2023\/03\/Logo.png","contentUrl":"https:\/\/coziform.pt\/wp-content\/uploads\/2023\/03\/Logo.png","width":194,"height":50,"caption":"Coziform"},"image":{"@id":"https:\/\/coziform.pt\/fr\/#\/schema\/logo\/image\/"},"sameAs":["https:\/\/www.facebook.com\/coziform.pt\/"]}]}},"_links":{"self":[{"href":"https:\/\/coziform.pt\/fr\/wp-json\/wp\/v2\/pages\/3","targetHints":{"allow":["GET"]}}],"collection":[{"href":"https:\/\/coziform.pt\/fr\/wp-json\/wp\/v2\/pages"}],"about":[{"href":"https:\/\/coziform.pt\/fr\/wp-json\/wp\/v2\/types\/page"}],"author":[{"embeddable":true,"href":"https:\/\/coziform.pt\/fr\/wp-json\/wp\/v2\/users\/1"}],"replies":[{"embeddable":true,"href":"https:\/\/coziform.pt\/fr\/wp-json\/wp\/v2\/comments?post=3"}],"version-history":[{"count":10,"href":"https:\/\/coziform.pt\/fr\/wp-json\/wp\/v2\/pages\/3\/revisions"}],"predecessor-version":[{"id":1025,"href":"https:\/\/coziform.pt\/fr\/wp-json\/wp\/v2\/pages\/3\/revisions\/1025"}],"wp:attachment":[{"href":"https:\/\/coziform.pt\/fr\/wp-json\/wp\/v2\/media?parent=3"}],"curies":[{"name":"wp","href":"https:\/\/api.w.org\/{rel}","templated":true}]}}