{"id":1221,"date":"2023-08-29T11:45:10","date_gmt":"2023-08-29T11:45:10","guid":{"rendered":"https:\/\/beta2.celeuma.pt\/coziform\/?page_id=1221"},"modified":"2025-10-16T15:39:23","modified_gmt":"2025-10-16T15:39:23","slug":"recrutamento","status":"publish","type":"page","link":"https:\/\/coziform.pt\/fr\/recrutamento\/","title":{"rendered":"Recrutement"},"content":{"rendered":"<p><\/p>\n<h2>Rejoignez-nous<\/h2>\n<p><\/p>","protected":false},"excerpt":{"rendered":"<p>Rejoignez-nous<\/p>\n","protected":false},"author":1,"featured_media":842,"parent":0,"menu_order":0,"comment_status":"closed","ping_status":"closed","template":"page-recrutamento.php","meta":{"footnotes":""},"class_list":["post-1221","page","type-page","status-publish","has-post-thumbnail","hentry"],"acf":[],"yoast_head":"<!-- This site is optimized with the Yoast SEO plugin v20.9 - https:\/\/yoast.com\/wordpress\/plugins\/seo\/ -->\n<title>Recrutement - Coziform<\/title>\n<meta name=\"description\" content=\"Fabricamos solu\u00e7\u00f5es com design, funcionalidade e qualidade. Junta-te \u00e0 equipa e constr\u00f3i projetos de sonho.\" \/>\n<meta name=\"robots\" content=\"index, follow, max-snippet:-1, max-image-preview:large, max-video-preview:-1\" \/>\n<link rel=\"canonical\" href=\"https:\/\/coziform.pt\/fr\/recrutamento\/\" \/>\n<meta property=\"og:locale\" content=\"fr_FR\" \/>\n<meta property=\"og:type\" content=\"article\" \/>\n<meta property=\"og:title\" content=\"Recrutement - Coziform\" \/>\n<meta property=\"og:description\" content=\"Fabricamos solu\u00e7\u00f5es com design, funcionalidade e qualidade. Junta-te \u00e0 equipa e constr\u00f3i projetos de sonho.\" \/>\n<meta property=\"og:url\" content=\"https:\/\/coziform.pt\/fr\/recrutamento\/\" \/>\n<meta property=\"og:site_name\" content=\"Coziform\" \/>\n<meta property=\"article:publisher\" content=\"https:\/\/www.facebook.com\/coziform.pt\/\" \/>\n<meta property=\"article:modified_time\" content=\"2025-10-16T15:39:23+00:00\" \/>\n<meta property=\"og:image\" content=\"https:\/\/coziform.pt\/wp-content\/uploads\/2023\/07\/MicrosoftTeams-image-scaled.jpg\" \/>\n\t<meta property=\"og:image:width\" content=\"1707\" \/>\n\t<meta property=\"og:image:height\" content=\"2560\" \/>\n\t<meta property=\"og:image:type\" content=\"image\/jpeg\" \/>\n<meta name=\"twitter:card\" content=\"summary_large_image\" \/>\n<meta name=\"twitter:label1\" content=\"Dur\u00e9e de lecture estim\u00e9e\" \/>\n\t<meta name=\"twitter:data1\" content=\"1 minute\" \/>\n<script type=\"application\/ld+json\" class=\"yoast-schema-graph\">{\"@context\":\"https:\/\/schema.org\",\"@graph\":[{\"@type\":\"WebPage\",\"@id\":\"https:\/\/coziform.pt\/fr\/recrutamento\/\",\"url\":\"https:\/\/coziform.pt\/fr\/recrutamento\/\",\"name\":\"Recrutement - Coziform\",\"isPartOf\":{\"@id\":\"https:\/\/coziform.pt\/fr\/#website\"},\"datePublished\":\"2023-08-29T11:45:10+00:00\",\"dateModified\":\"2025-10-16T15:39:23+00:00\",\"description\":\"Fabricamos solu\u00e7\u00f5es com design, funcionalidade e qualidade. Junta-te \u00e0 equipa e constr\u00f3i projetos de sonho.\",\"inLanguage\":\"fr-FR\",\"potentialAction\":[{\"@type\":\"ReadAction\",\"target\":[[\"https:\/\/coziform.pt\/fr\/recrutamento\/\"]]}]},{\"@type\":\"WebSite\",\"@id\":\"https:\/\/coziform.pt\/fr\/#website\",\"url\":\"https:\/\/coziform.pt\/fr\/\",\"name\":\"Coziform\",\"description\":\"Espa\u00e7os que Marcam\",\"publisher\":{\"@id\":\"https:\/\/coziform.pt\/fr\/#organization\"},\"potentialAction\":[{\"@type\":\"SearchAction\",\"target\":{\"@type\":\"EntryPoint\",\"urlTemplate\":\"https:\/\/coziform.pt\/fr\/?s={search_term_string}\"},\"query-input\":\"required name=search_term_string\"}],\"inLanguage\":\"fr-FR\"},{\"@type\":\"Organization\",\"@id\":\"https:\/\/coziform.pt\/fr\/#organization\",\"name\":\"Coziform\",\"url\":\"https:\/\/coziform.pt\/fr\/\",\"logo\":{\"@type\":\"ImageObject\",\"inLanguage\":\"fr-FR\",\"@id\":\"https:\/\/coziform.pt\/fr\/#\/schema\/logo\/image\/\",\"url\":\"https:\/\/coziform.pt\/wp-content\/uploads\/2023\/03\/Logo.png\",\"contentUrl\":\"https:\/\/coziform.pt\/wp-content\/uploads\/2023\/03\/Logo.png\",\"width\":194,\"height\":50,\"caption\":\"Coziform\"},\"image\":{\"@id\":\"https:\/\/coziform.pt\/fr\/#\/schema\/logo\/image\/\"},\"sameAs\":[\"https:\/\/www.facebook.com\/coziform.pt\/\"]}]}<\/script>\n<!-- \/ Yoast SEO plugin. -->","yoast_head_json":{"title":"Recrutement - Coziform","description":"Fabricamos solu\u00e7\u00f5es com design, funcionalidade e qualidade. Junta-te \u00e0 equipa e constr\u00f3i projetos de sonho.","robots":{"index":"index","follow":"follow","max-snippet":"max-snippet:-1","max-image-preview":"max-image-preview:large","max-video-preview":"max-video-preview:-1"},"canonical":"https:\/\/coziform.pt\/fr\/recrutamento\/","og_locale":"fr_FR","og_type":"article","og_title":"Recrutement - Coziform","og_description":"Fabricamos solu\u00e7\u00f5es com design, funcionalidade e qualidade. Junta-te \u00e0 equipa e constr\u00f3i projetos de sonho.","og_url":"https:\/\/coziform.pt\/fr\/recrutamento\/","og_site_name":"Coziform","article_publisher":"https:\/\/www.facebook.com\/coziform.pt\/","article_modified_time":"2025-10-16T15:39:23+00:00","og_image":[{"width":1707,"height":2560,"url":"https:\/\/coziform.pt\/wp-content\/uploads\/2023\/07\/MicrosoftTeams-image-scaled.jpg","type":"image\/jpeg"}],"twitter_card":"summary_large_image","twitter_misc":{"Dur\u00e9e de lecture estim\u00e9e":"1 minute"},"schema":{"@context":"https:\/\/schema.org","@graph":[{"@type":"WebPage","@id":"https:\/\/coziform.pt\/fr\/recrutamento\/","url":"https:\/\/coziform.pt\/fr\/recrutamento\/","name":"Recrutement - Coziform","isPartOf":{"@id":"https:\/\/coziform.pt\/fr\/#website"},"datePublished":"2023-08-29T11:45:10+00:00","dateModified":"2025-10-16T15:39:23+00:00","description":"Fabricamos solu\u00e7\u00f5es com design, funcionalidade e qualidade. Junta-te \u00e0 equipa e constr\u00f3i projetos de sonho.","inLanguage":"fr-FR","potentialAction":[{"@type":"ReadAction","target":[["https:\/\/coziform.pt\/fr\/recrutamento\/"]]}]},{"@type":"WebSite","@id":"https:\/\/coziform.pt\/fr\/#website","url":"https:\/\/coziform.pt\/fr\/","name":"Coziform","description":"Espa\u00e7os que Marcam","publisher":{"@id":"https:\/\/coziform.pt\/fr\/#organization"},"potentialAction":[{"@type":"SearchAction","target":{"@type":"EntryPoint","urlTemplate":"https:\/\/coziform.pt\/fr\/?s={search_term_string}"},"query-input":"required name=search_term_string"}],"inLanguage":"fr-FR"},{"@type":"Organization","@id":"https:\/\/coziform.pt\/fr\/#organization","name":"Coziform","url":"https:\/\/coziform.pt\/fr\/","logo":{"@type":"ImageObject","inLanguage":"fr-FR","@id":"https:\/\/coziform.pt\/fr\/#\/schema\/logo\/image\/","url":"https:\/\/coziform.pt\/wp-content\/uploads\/2023\/03\/Logo.png","contentUrl":"https:\/\/coziform.pt\/wp-content\/uploads\/2023\/03\/Logo.png","width":194,"height":50,"caption":"Coziform"},"image":{"@id":"https:\/\/coziform.pt\/fr\/#\/schema\/logo\/image\/"},"sameAs":["https:\/\/www.facebook.com\/coziform.pt\/"]}]}},"_links":{"self":[{"href":"https:\/\/coziform.pt\/fr\/wp-json\/wp\/v2\/pages\/1221","targetHints":{"allow":["GET"]}}],"collection":[{"href":"https:\/\/coziform.pt\/fr\/wp-json\/wp\/v2\/pages"}],"about":[{"href":"https:\/\/coziform.pt\/fr\/wp-json\/wp\/v2\/types\/page"}],"author":[{"embeddable":true,"href":"https:\/\/coziform.pt\/fr\/wp-json\/wp\/v2\/users\/1"}],"replies":[{"embeddable":true,"href":"https:\/\/coziform.pt\/fr\/wp-json\/wp\/v2\/comments?post=1221"}],"version-history":[{"count":6,"href":"https:\/\/coziform.pt\/fr\/wp-json\/wp\/v2\/pages\/1221\/revisions"}],"predecessor-version":[{"id":1249,"href":"https:\/\/coziform.pt\/fr\/wp-json\/wp\/v2\/pages\/1221\/revisions\/1249"}],"wp:featuredmedia":[{"embeddable":true,"href":"https:\/\/coziform.pt\/fr\/wp-json\/wp\/v2\/media\/842"}],"wp:attachment":[{"href":"https:\/\/coziform.pt\/fr\/wp-json\/wp\/v2\/media?parent=1221"}],"curies":[{"name":"wp","href":"https:\/\/api.w.org\/{rel}","templated":true}]}}